{"id":1296,"date":"2023-09-18T16:28:13","date_gmt":"2023-09-18T14:28:13","guid":{"rendered":"https:\/\/oulalabracelet.com\/?post_type=product&#038;p=1296"},"modified":"2025-06-07T09:13:14","modified_gmt":"2025-06-07T07:13:14","slug":"box-event-110-bracelets-x-oulala-bracelet","status":"publish","type":"product","link":"https:\/\/oulalabracelet.com\/fr\/produit\/box-event-110-bracelets-x-oulala-bracelet\/","title":{"rendered":"Box Event (110 bracelets) x Oulala Bracelet"},"content":{"rendered":"<p><strong><em>Ce que vous obtenez :<\/em><\/strong><\/p>\n<ul>\n<li><strong>Bo\u00eete de Rangement \u00c9l\u00e9gante<\/strong> : Support de pre\u0301sentation attractif avec visuel du Sexy Chic Code Couleurs et ses 11 bracelets de de\u0301monstration. Casiers de rangement individuel pour chacune des 11 couleurs.<\/li>\n<li><strong>110 Bracelets Oulala<\/strong> : La collection comple\u0300te des 11 tendances du Sexy Chic Code Couleurs. Chaque bracelet pre\u0301sente\u0301 individuellement sous sachet zippe\u0301 transparent avec guide complet des 11 tendances du Sexy Chic Code Couleurs.<\/li>\n<\/ul>\n<p>\ud83d\udc99 10 bracelets Bleu Amoureux(se)<br \/>\n\ud83e\udde1 10 bracelets Orange En couple<br \/>\n\ud83d\udc9a 10 bracelets Vert Ce\u0301libataire<br \/>\n\ud83d\udc9c 10 bracelets Violet Gay<br \/>\n\u2764\ufe0f 10 bracelets Rouge Torride<br \/>\n\ud83d\udda4 10 bracelets Noir Ouvert(e) a\u0300 toutes propositions<br \/>\n\ud83d\udc9b 10 bracelets Jaune Libertin(e)<br \/>\n\ud83d\udc9d 10 bracelets Rose Son jouet d \u2018amour<br \/>\n\ud83e\udd0e 10 bracelets Marron Cougar \/ Puma<br \/>\n\ud83e\udd0d 10 bracelets Ivoire Sage avant le mariage<br \/>\n\ud83d\udc9b 10 bracelets Or champion(ne) du monde<\/p>\n<p><strong><em>Pourquoi la Box Event Oulala Bracelet ?<\/em><\/strong><\/p>\n<ul>\n<li><strong>Pour toutes les occasions<\/strong> : Pour les Enterrements de Vie de Jeune Fille (Garc\u0327on), Mariage, Soire\u0301es a\u0300 The\u0300mes, Concerts et bien plus encore&#8230;<\/li>\n<\/ul>\n<div class=\"page\" title=\"Page 1\">\n<div class=\"layoutArea\">\n<div class=\"column\">\n<h4 style=\"text-align: center;\">Avec la Box Event de\u0301marquez votre originalite\u0301<\/h4>\n<h3 style=\"text-align: center;\">Oulala Bracelet, le Sexy Chic Code Couleurs\u2122<\/h3>\n<\/div>\n<p><img decoding=\"async\" class=\"size-full wp-image-1524 aligncenter\" src=\"https:\/\/oulalabracelet.com\/wp-content\/uploads\/2023\/09\/fabrique-en-france-2.jpg\" alt=\"\" width=\"250\" height=\"160\" srcset=\"https:\/\/oulalabracelet.com\/wp-content\/uploads\/2023\/09\/fabrique-en-france-2.jpg 250w, https:\/\/oulalabracelet.com\/wp-content\/uploads\/2023\/09\/fabrique-en-france-2-18x12.jpg 18w\" sizes=\"(max-width: 250px) 100vw, 250px\" \/><\/p>\n<\/div>\n<\/div>\n","protected":false},"excerpt":{"rendered":"<h3>Oulala bracelet, le Sexy Chic Code Couleurs<br \/>\nLe langage d&#8217;amour universel haut en couleurs<br \/>\nLe bracelet coquin qui rapproche<\/h3>\n<div class=\"page\" title=\"Page 1\">\n<div class=\"layoutArea\">\n<div class=\"column\">\n<p>Les bracelets Bleus, <a href=\"https:\/\/oulalabracelet.com\/fr\/produit\/bleu-amoureuxse-bracelet-oulala\/\">Amoureux(se)<\/a>, auront des papillons dans le ventre, des e\u0301toiles dans les yeux et e\u0301prouveront alors une re\u0301elle complicite\u0301 avec leur moitie\u0301&#8230; quand les bracelets Noirs, <a href=\"https:\/\/oulalabracelet.com\/fr\/produit\/noir-ouverte-a-toutes-propositions-bracelet-oulala\/\">Ouvert(e) a\u0300 Toutes Propositions<\/a>, opportunistes, aventuriers, qui ne semblent avoir aucun tabou en amour chercheront les a\u0302mes s\u0153urs bracelets Jaunes, <a href=\"https:\/\/oulalabracelet.com\/fr\/produit\/jaune-libertine-bracelet-oulala\/\">Libertin(e)<\/a>, explorateurs, esprit libre, audacieux dans leurs e\u0301changes amoureux&#8230;<\/p>\n<p>Le feu bru\u0302lant des bracelets Rouges, <a href=\"https:\/\/oulalabracelet.com\/fr\/produit\/rouge-torride-bracelet-oulala\/\">Torride<\/a>, assumeront leur ardeur en amour, face aux bracelets Ivoires, <a href=\"https:\/\/oulalabracelet.com\/fr\/produit\/ivoire-sage-avant-le-mariage-bracelet-oulala\/\">Sage Avant le Mariage<\/a>, re\u0301serve\u0301s aux e\u0301lus de leur c\u0153ur affichant clairement que ce ne sera pas le premier soir !<\/p>\n<p>Et tellement d&#8217;autres bracelets Oulala qui en racontent !<\/p>\n<p>Vert <a href=\"https:\/\/oulalabracelet.com\/fr\/produit\/vert-celibataire-bracelet-oulala\/\">Ce\u0301libataire<\/a>, Orange <a href=\"https:\/\/oulalabracelet.com\/fr\/produit\/orange-en-couple-bracelet-oulala\/\">En Couple<\/a>, Violet <a href=\"https:\/\/oulalabracelet.com\/fr\/produit\/violet-gay-bracelet-oulala\/\">Gay<\/a>, Rose <a href=\"https:\/\/oulalabracelet.com\/fr\/produit\/rose-son-jouet-damour-bracelet-oulala\/\">Son Jouet d&#8217;Amour<\/a>, Marron <a href=\"https:\/\/oulalabracelet.com\/fr\/produit\/marron-cougar-puma-bracelet-oulala\/\">Cougar-Puma<\/a>, Or <a href=\"https:\/\/oulalabracelet.com\/fr\/produit\/or-championne-du-monde-bracelet-oulala\/\">Champion(ne) du Monde<\/a>, la plus haute marche du podium de l&#8217;amour, pour ceux et celles qui assurent vraiment ! Parce que quels que soient leurs statuts, quelles que soient leurs tendances, c&#8217;est su\u0302r avec eux, avec elles, on ne s&#8217;ennuiera pas en amour !<\/p>\n<p>Osez pimenter vos e\u0301ve\u0300nements avec la Box Event Oulala bracelet.<\/p>\n<p>Offrez alors une aventure riche en partage ou\u0300 l&#8217;amour se charge d&#8217;e\u0301motions avec humour et cre\u0301ez ensemble une soire\u0301e plus colore\u0301e, plus authentique, plus coquine&#8230;<\/p>\n<\/div>\n<\/div>\n<\/div>\n<p><em>Exp\u00e9dition rapide et s\u00e9curis\u00e9e. Satisfait ou rembours\u00e9 : vous avez 15 jours pour changer d\u2019avis !<\/em><\/p>\n<p><strong>Le choix d&#8217;une fabrication Franc\u0327aise assure a\u0300 votre bracelet Oulala une garantie de qualite\u0301 \ud83c\uddeb\ud83c\uddf7<\/strong><\/p>\n<p><strong>Livraison OFFERTE en France M\u00e9tropolitaine.<\/strong><\/p>\n<p>Vous avez besoin de plus de bracelets ? Contactez-nous par email : <a href=\"mailto:contact@oulalabracelet.com\">contact@oulalabracelet.com<\/a><\/p>\n<p><strong><em>Affichez vos tendances, choisissez vos couleurs.<\/em><\/strong><\/p>\n","protected":false},"featured_media":1295,"comment_status":"open","ping_status":"closed","template":"","meta":{"_monsterinsights_skip_tracking":false,"_monsterinsights_sitenote_active":false,"_monsterinsights_sitenote_note":"","_monsterinsights_sitenote_category":0},"product_cat":[76],"product_tag":[],"class_list":{"0":"post-1296","1":"product","2":"type-product","3":"status-publish","4":"has-post-thumbnail","6":"product_cat-box-event","8":"first","9":"instock","10":"shipping-taxable","11":"purchasable","12":"product-type-simple"},"aioseo_notices":[],"_links":{"self":[{"href":"https:\/\/oulalabracelet.com\/fr\/wp-json\/wp\/v2\/product\/1296","targetHints":{"allow":["GET"]}}],"collection":[{"href":"https:\/\/oulalabracelet.com\/fr\/wp-json\/wp\/v2\/product"}],"about":[{"href":"https:\/\/oulalabracelet.com\/fr\/wp-json\/wp\/v2\/types\/product"}],"replies":[{"embeddable":true,"href":"https:\/\/oulalabracelet.com\/fr\/wp-json\/wp\/v2\/comments?post=1296"}],"version-history":[{"count":10,"href":"https:\/\/oulalabracelet.com\/fr\/wp-json\/wp\/v2\/product\/1296\/revisions"}],"predecessor-version":[{"id":1779,"href":"https:\/\/oulalabracelet.com\/fr\/wp-json\/wp\/v2\/product\/1296\/revisions\/1779"}],"wp:featuredmedia":[{"embeddable":true,"href":"https:\/\/oulalabracelet.com\/fr\/wp-json\/wp\/v2\/media\/1295"}],"wp:attachment":[{"href":"https:\/\/oulalabracelet.com\/fr\/wp-json\/wp\/v2\/media?parent=1296"}],"wp:term":[{"taxonomy":"product_cat","embeddable":true,"href":"https:\/\/oulalabracelet.com\/fr\/wp-json\/wp\/v2\/product_cat?post=1296"},{"taxonomy":"product_tag","embeddable":true,"href":"https:\/\/oulalabracelet.com\/fr\/wp-json\/wp\/v2\/product_tag?post=1296"}],"curies":[{"name":"wp","href":"https:\/\/api.w.org\/{rel}","templated":true}]}}