{"id":724,"date":"2023-02-14T05:51:37","date_gmt":"2023-02-14T05:51:37","guid":{"rendered":"https:\/\/alukas.presslayouts.com\/dummy\/?page_id=3"},"modified":"2023-08-26T12:41:11","modified_gmt":"2023-08-26T10:41:11","slug":"cgv","status":"publish","type":"page","link":"https:\/\/oulalabracelet.com\/fr\/cgv\/","title":{"rendered":"Conditions g\u00e9n\u00e9rales de ventes"},"content":{"rendered":"\t\t<div data-elementor-type=\"wp-page\" data-elementor-id=\"724\" class=\"elementor elementor-724\">\n\t\t\t\t\t\t<section class=\"elementor-section elementor-top-section elementor-element elementor-element-48199dd8 elementor-section-boxed elementor-section-height-default elementor-section-height-default\" data-id=\"48199dd8\" data-element_type=\"section\">\n\t\t\t\t\t\t<div class=\"elementor-container elementor-column-gap-default\">\n\t\t\t\t\t<div class=\"elementor-column elementor-col-100 elementor-top-column elementor-element elementor-element-32374ce9\" data-id=\"32374ce9\" data-element_type=\"column\">\n\t\t\t<div class=\"elementor-widget-wrap elementor-element-populated\">\n\t\t\t\t\t\t<div class=\"elementor-element elementor-element-14811b68 elementor-widget elementor-widget-text-editor\" data-id=\"14811b68\" data-element_type=\"widget\" data-widget_type=\"text-editor.default\">\n\t\t\t\t<div class=\"elementor-widget-container\">\n\t\t\t<style>\/*! elementor - v3.20.0 - 13-03-2024 *\/\n.elementor-widget-text-editor.elementor-drop-cap-view-stacked .elementor-drop-cap{background-color:#69727d;color:#fff}.elementor-widget-text-editor.elementor-drop-cap-view-framed .elementor-drop-cap{color:#69727d;border:3px solid;background-color:transparent}.elementor-widget-text-editor:not(.elementor-drop-cap-view-default) .elementor-drop-cap{margin-top:8px}.elementor-widget-text-editor:not(.elementor-drop-cap-view-default) .elementor-drop-cap-letter{width:1em;height:1em}.elementor-widget-text-editor .elementor-drop-cap{float:left;text-align:center;line-height:1;font-size:50px}.elementor-widget-text-editor .elementor-drop-cap-letter{display:inline-block}<\/style>\t\t\t\t<h2><strong>1. Objet et Champ d&#8217;Application :<\/strong><\/h2>\n<p>Les pr\u00e9sentes Conditions G\u00e9n\u00e9rales de Vente (CGV) s&#8217;appliquent \u00e0 toutes les ventes de produits effectu\u00e9es sur le site e-commerce Oulala Bracelet.<\/p>\n<h2><strong>2. Produits et Prix :<\/strong><\/h2>\n<p>2.1. Les produits propos\u00e9s \u00e0 la vente sur le site Oulala Bracelet sont d\u00e9crits de mani\u00e8re pr\u00e9cise et comprennent des informations sur les caract\u00e9ristiques essentielles, les prix et les modalit\u00e9s de paiement.<\/p>\n<p>2.2. Les prix indiqu\u00e9s sur le site sont en euros (EUR) et toutes taxes comprises (TTC), hors frais de livraison. Les frais de livraison sont indiqu\u00e9s s\u00e9par\u00e9ment lors de la validation de la commande.<\/p>\n<h2><strong>3. Commandes :<\/strong><\/h2>\n<p>3.1. Pour passer une commande, le client doit suivre le processus en ligne et fournir les informations n\u00e9cessaires. Une fois la commande pass\u00e9e, un r\u00e9capitulatif est envoy\u00e9 \u00e0 l&#8217;adresse e-mail fournie.<\/p>\n<p>3.2. Oulala Bracelet se r\u00e9serve le droit de refuser ou d&#8217;annuler toute commande en cas de non-conformit\u00e9 avec les CGV, d&#8217;indisponibilit\u00e9 des produits ou de suspicion de fraude.<\/p>\n<h2><strong>4. Paiement :<\/strong><\/h2>\n<p>4.1. Le paiement des produits s&#8217;effectue en ligne par les moyens de paiement accept\u00e9s, tels que les cartes de cr\u00e9dit.<\/p>\n<p>4.2. Les paiements sont s\u00e9curis\u00e9s et trait\u00e9s par des prestataires de paiement tiers conformes aux normes de s\u00e9curit\u00e9 en vigueur.<\/p>\n<h2><strong>5. Livraison :<\/strong><\/h2>\n<p>5.1. Les produits sont livr\u00e9s \u00e0 l&#8217;adresse indiqu\u00e9e par le client lors de la commande. Les d\u00e9lais de livraison sont mentionn\u00e9s sur le site et sont donn\u00e9s \u00e0 titre indicatif.<\/p>\n<p>5.2. Les frais de livraison sont \u00e0 la charge du client, sauf indication contraire.<\/p>\n<h2><strong>6. Droit de R\u00e9tractation :<\/strong><\/h2>\n<p>6.1. Conform\u00e9ment \u00e0 la loi, le client dispose d&#8217;un d\u00e9lai de 14 jours \u00e0 compter de la r\u00e9ception du produit pour exercer son droit de r\u00e9tractation.<\/p>\n<p>6.2. Le produit doit \u00eatre retourn\u00e9 dans son \u00e9tat d&#8217;origine, accompagn\u00e9 de la facture d&#8217;achat, dans les 14 jours suivant la notification du droit de r\u00e9tractation.<\/p>\n<h2><strong>7. Garanties :<\/strong><\/h2>\n<p>7.1. Les produits vendus sont garantis conformes aux sp\u00e9cifications mentionn\u00e9es sur le site.<\/p>\n<p>7.2. En cas de produit d\u00e9fectueux, le client doit contacter Oulala Bracelet dans les d\u00e9lais indiqu\u00e9s sur le site pour engager la garantie.<\/p>\n<h2><strong>8. Donn\u00e9es Personnelles :<\/strong><\/h2>\n<p>8.1. Les donn\u00e9es personnelles collect\u00e9es lors de la commande sont trait\u00e9es conform\u00e9ment \u00e0 la Politique de Confidentialit\u00e9 disponible sur le site.<\/p>\n<h2><strong>9. Litiges :<\/strong><\/h2>\n<p>9.1. En cas de litige, les parties s&#8217;engagent \u00e0 rechercher une solution amiable. \u00c0 d\u00e9faut, le litige sera soumis aux tribunaux comp\u00e9tents conform\u00e9ment \u00e0 la l\u00e9gislation en vigueur.<\/p>\n<h2><strong>10. Modifications des CGV :<\/strong><\/h2>\n<p>10.1. Oulala Bracelet se r\u00e9serve le droit de modifier les pr\u00e9sentes CGV \u00e0 tout moment. Les modifications seront applicables aux commandes pass\u00e9es apr\u00e8s la date de modification.<\/p>\n<p>En passant une commande sur le site Oulala Bracelet, le client accepte pleinement et sans r\u00e9serve les pr\u00e9sentes Conditions G\u00e9n\u00e9rales de Vente.<\/p>\n<p>Derni\u00e8re mise \u00e0 jour : Septembre 2023<\/p>\t\t\t\t\t\t<\/div>\n\t\t\t\t<\/div>\n\t\t\t\t\t<\/div>\n\t\t<\/div>\n\t\t\t\t\t<\/div>\n\t\t<\/section>\n\t\t\t\t<\/div>\n\t\t","protected":false},"excerpt":{"rendered":"<p>1. Objet et Champ d&#8217;Application : Les pr\u00e9sentes Conditions G\u00e9n\u00e9rales de Vente (CGV) s&#8217;appliquent \u00e0 toutes les ventes de produits effectu\u00e9es sur le site e-commerce Oulala Bracelet. 2. Produits et<\/p>\n","protected":false},"author":1,"featured_media":0,"parent":0,"menu_order":0,"comment_status":"closed","ping_status":"open","template":"","meta":{"_monsterinsights_skip_tracking":false,"_monsterinsights_sitenote_active":false,"_monsterinsights_sitenote_note":"","_monsterinsights_sitenote_category":0,"footnotes":""},"class_list":["post-724","page","type-page","status-publish","hentry"],"aioseo_notices":[],"_links":{"self":[{"href":"https:\/\/oulalabracelet.com\/fr\/wp-json\/wp\/v2\/pages\/724","targetHints":{"allow":["GET"]}}],"collection":[{"href":"https:\/\/oulalabracelet.com\/fr\/wp-json\/wp\/v2\/pages"}],"about":[{"href":"https:\/\/oulalabracelet.com\/fr\/wp-json\/wp\/v2\/types\/page"}],"author":[{"embeddable":true,"href":"https:\/\/oulalabracelet.com\/fr\/wp-json\/wp\/v2\/users\/1"}],"replies":[{"embeddable":true,"href":"https:\/\/oulalabracelet.com\/fr\/wp-json\/wp\/v2\/comments?post=724"}],"version-history":[{"count":4,"href":"https:\/\/oulalabracelet.com\/fr\/wp-json\/wp\/v2\/pages\/724\/revisions"}],"predecessor-version":[{"id":995,"href":"https:\/\/oulalabracelet.com\/fr\/wp-json\/wp\/v2\/pages\/724\/revisions\/995"}],"wp:attachment":[{"href":"https:\/\/oulalabracelet.com\/fr\/wp-json\/wp\/v2\/media?parent=724"}],"curies":[{"name":"wp","href":"https:\/\/api.w.org\/{rel}","templated":true}]}}