{"id":3,"date":"2023-07-20T14:42:47","date_gmt":"2023-07-20T12:42:47","guid":{"rendered":"https:\/\/oulalabracelet.com\/?page_id=3"},"modified":"2023-08-26T12:09:33","modified_gmt":"2023-08-26T10:09:33","slug":"politique-de-confidentialite","status":"publish","type":"page","link":"https:\/\/oulalabracelet.com\/fr\/politique-de-confidentialite\/","title":{"rendered":"Politique de confidentialit\u00e9"},"content":{"rendered":"\t\t<div data-elementor-type=\"wp-page\" data-elementor-id=\"3\" class=\"elementor elementor-3\">\n\t\t\t\t\t\t<section class=\"elementor-section elementor-top-section elementor-element elementor-element-6fe10302 elementor-section-boxed elementor-section-height-default elementor-section-height-default\" data-id=\"6fe10302\" data-element_type=\"section\">\n\t\t\t\t\t\t<div class=\"elementor-container elementor-column-gap-default\">\n\t\t\t\t\t<div class=\"elementor-column elementor-col-100 elementor-top-column elementor-element elementor-element-49b8dd9\" data-id=\"49b8dd9\" data-element_type=\"column\">\n\t\t\t<div class=\"elementor-widget-wrap elementor-element-populated\">\n\t\t\t\t\t\t<div class=\"elementor-element elementor-element-6f7ca580 elementor-widget elementor-widget-text-editor\" data-id=\"6f7ca580\" data-element_type=\"widget\" data-widget_type=\"text-editor.default\">\n\t\t\t\t<div class=\"elementor-widget-container\">\n\t\t\t<style>\/*! elementor - v3.20.0 - 13-03-2024 *\/\n.elementor-widget-text-editor.elementor-drop-cap-view-stacked .elementor-drop-cap{background-color:#69727d;color:#fff}.elementor-widget-text-editor.elementor-drop-cap-view-framed .elementor-drop-cap{color:#69727d;border:3px solid;background-color:transparent}.elementor-widget-text-editor:not(.elementor-drop-cap-view-default) .elementor-drop-cap{margin-top:8px}.elementor-widget-text-editor:not(.elementor-drop-cap-view-default) .elementor-drop-cap-letter{width:1em;height:1em}.elementor-widget-text-editor .elementor-drop-cap{float:left;text-align:center;line-height:1;font-size:50px}.elementor-widget-text-editor .elementor-drop-cap-letter{display:inline-block}<\/style>\t\t\t\t<p>En vertu de l\u2019article 6 de la loi n\u00b0 2004-575 du 21 juin 2004 pour la confiance dans l\u2019\u00e9conomie num\u00e9rique, il est pr\u00e9cis\u00e9 aux utilisateurs du site www.oulalabracelet.com l\u2019identit\u00e9 des diff\u00e9rents intervenants dans le cadre de sa r\u00e9alisation et de son suivi :<\/p>\n<h2><strong>Mentions L\u00e9gales :<\/strong><\/h2>\n<p>Raison Sociale : Oulala Bracelet (marque d\u00e9pos\u00e9e)<br \/>Si\u00e8ge Social : 20 Impasse de la Concorde, 66140 Canet-en-Roussillon, France<br \/>Adresse E-mail : contact[at]oulalabracelet.com<br \/>Directeur de la Publication : <a href=\"https:\/\/resulteomedia.com\/\">Resulteo Media<\/a><br \/>Num\u00e9ro SIRET : 80226295600021<\/p>\n<h2><strong>Politique de confidentialit\u00e9 :<\/strong><\/h2>\n<ol>\n<li>\n<p><strong>Collecte de Donn\u00e9es Personnelles :<\/strong> Lorsque vous naviguez sur notre site ou effectuez un achat, nous pouvons collecter des informations personnelles telles que votre nom, adresse, adresse e-mail et num\u00e9ro de t\u00e9l\u00e9phone. Ces donn\u00e9es sont collect\u00e9es dans le but de vous fournir nos produits et services, de g\u00e9rer vos commandes, de r\u00e9pondre \u00e0 vos questions et de personnaliser votre exp\u00e9rience sur notre site.<\/p>\n<\/li>\n<li>\n<p><strong>Utilisation des Donn\u00e9es :<\/strong> Vos donn\u00e9es personnelles peuvent \u00eatre utilis\u00e9es pour traiter les commandes, g\u00e9rer les comptes, am\u00e9liorer nos services, personnaliser votre exp\u00e9rience d&#8217;achat, et vous envoyer des communications marketing si vous y consentez. Nous ne partageons pas vos donn\u00e9es avec des tiers \u00e0 des fins de marketing sans votre autorisation explicite.<\/p>\n<\/li>\n<li>\n<p><strong>S\u00e9curit\u00e9 des Donn\u00e9es :<\/strong> Nous prenons des mesures de s\u00e9curit\u00e9 appropri\u00e9es pour prot\u00e9ger vos donn\u00e9es personnelles contre la perte, l&#8217;utilisation abusive et l&#8217;acc\u00e8s non autoris\u00e9. Les donn\u00e9es sensibles telles que les informations de paiement sont crypt\u00e9es pour assurer une protection maximale.<\/p>\n<\/li>\n<li>\n<p><strong>Dur\u00e9e de Conservation :<\/strong> Vos donn\u00e9es personnelles seront conserv\u00e9es aussi longtemps que n\u00e9cessaire pour atteindre les objectifs pour lesquels elles ont \u00e9t\u00e9 collect\u00e9es, sauf si la loi exige ou autorise une p\u00e9riode de conservation plus longue.<\/p>\n<\/li>\n<li>\n<p><strong>Droits des Utilisateurs :<\/strong> Conform\u00e9ment au RGPD, vous avez le droit de demander l&#8217;acc\u00e8s, la rectification, la suppression ou la limitation du traitement de vos donn\u00e9es personnelles. Vous avez \u00e9galement le droit de vous opposer au traitement de vos donn\u00e9es \u00e0 des fins de marketing direct. Pour exercer ces droits, veuillez nous contacter via les coordonn\u00e9es fournies ci-dessous.<\/p>\n<\/li>\n<li>\n<p><strong>Cookies :<\/strong> Notre site peut utiliser des cookies pour am\u00e9liorer votre exp\u00e9rience de navigation. Vous pouvez g\u00e9rer vos pr\u00e9f\u00e9rences en mati\u00e8re de cookies via les param\u00e8tres de votre navigateur.<\/p>\n<\/li>\n<li>\n<p><strong>Communication :<\/strong> En utilisant notre site, vous consentez \u00e0 recevoir des communications de notre part concernant vos commandes, ainsi que des informations marketing si vous avez accept\u00e9 de les recevoir.<\/p>\n<\/li>\n<li>\n<p><strong>Coordonn\u00e9es :<\/strong> Pour toute question concernant vos donn\u00e9es personnelles, ou pour exercer vos droits en vertu du RGPD, veuillez nous contacter \u00e0 l&#8217;adresse contact[at]oulalabracelet.com ou par courrier postal \u00e0 20 Impasse de la Concorde, 66140 Canet-en-Roussillon, France.<\/p>\n<\/li>\n<\/ol>\t\t\t\t\t\t<\/div>\n\t\t\t\t<\/div>\n\t\t\t\t\t<\/div>\n\t\t<\/div>\n\t\t\t\t\t<\/div>\n\t\t<\/section>\n\t\t\t\t<\/div>\n\t\t","protected":false},"excerpt":{"rendered":"<p>En vertu de l\u2019article 6 de la loi n\u00b0 2004-575 du 21 juin 2004 pour la confiance dans l\u2019\u00e9conomie num\u00e9rique, il est pr\u00e9cis\u00e9 aux utilisateurs du site www.oulalabracelet.com l\u2019identit\u00e9 des<\/p>\n","protected":false},"author":1,"featured_media":0,"parent":0,"menu_order":0,"comment_status":"closed","ping_status":"open","template":"","meta":{"_monsterinsights_skip_tracking":false,"_monsterinsights_sitenote_active":false,"_monsterinsights_sitenote_note":"","_monsterinsights_sitenote_category":0,"footnotes":""},"class_list":["post-3","page","type-page","status-publish","hentry"],"aioseo_notices":[],"_links":{"self":[{"href":"https:\/\/oulalabracelet.com\/fr\/wp-json\/wp\/v2\/pages\/3","targetHints":{"allow":["GET"]}}],"collection":[{"href":"https:\/\/oulalabracelet.com\/fr\/wp-json\/wp\/v2\/pages"}],"about":[{"href":"https:\/\/oulalabracelet.com\/fr\/wp-json\/wp\/v2\/types\/page"}],"author":[{"embeddable":true,"href":"https:\/\/oulalabracelet.com\/fr\/wp-json\/wp\/v2\/users\/1"}],"replies":[{"embeddable":true,"href":"https:\/\/oulalabracelet.com\/fr\/wp-json\/wp\/v2\/comments?post=3"}],"version-history":[{"count":15,"href":"https:\/\/oulalabracelet.com\/fr\/wp-json\/wp\/v2\/pages\/3\/revisions"}],"predecessor-version":[{"id":985,"href":"https:\/\/oulalabracelet.com\/fr\/wp-json\/wp\/v2\/pages\/3\/revisions\/985"}],"wp:attachment":[{"href":"https:\/\/oulalabracelet.com\/fr\/wp-json\/wp\/v2\/media?parent=3"}],"curies":[{"name":"wp","href":"https:\/\/api.w.org\/{rel}","templated":true}]}}