{"id":1574,"date":"2023-10-25T20:47:30","date_gmt":"2023-10-25T18:47:30","guid":{"rendered":"https:\/\/oulalabracelet.com\/?page_id=1574"},"modified":"2023-11-04T18:27:25","modified_gmt":"2023-11-04T17:27:25","slug":"espace-pro","status":"publish","type":"page","link":"https:\/\/oulalabracelet.com\/fr\/espace-pro\/","title":{"rendered":"Devenir Revendeur Oulala Bracelet\u2122"},"content":{"rendered":"\t\t<div data-elementor-type=\"wp-page\" data-elementor-id=\"1574\" class=\"elementor elementor-1574\">\n\t\t\t\t\t\t<section class=\"elementor-section elementor-top-section elementor-element elementor-element-a11a94d elementor-section-boxed elementor-section-height-default elementor-section-height-default\" data-id=\"a11a94d\" data-element_type=\"section\">\n\t\t\t\t\t\t<div class=\"elementor-container elementor-column-gap-default\">\n\t\t\t\t\t<div class=\"elementor-column elementor-col-100 elementor-top-column elementor-element elementor-element-3f5c9ae\" data-id=\"3f5c9ae\" data-element_type=\"column\">\n\t\t\t<div class=\"elementor-widget-wrap elementor-element-populated\">\n\t\t\t\t\t\t<section class=\"elementor-section elementor-inner-section elementor-element elementor-element-2cc54b2 elementor-section-height-min-height elementor-section-boxed elementor-section-height-default\" data-id=\"2cc54b2\" data-element_type=\"section\" data-settings=\"{&quot;background_background&quot;:&quot;classic&quot;}\">\n\t\t\t\t\t\t<div class=\"elementor-container elementor-column-gap-default\">\n\t\t\t\t\t<div class=\"elementor-column elementor-col-100 elementor-inner-column elementor-element elementor-element-3f4c6a6\" data-id=\"3f4c6a6\" data-element_type=\"column\">\n\t\t\t<div class=\"elementor-widget-wrap elementor-element-populated\">\n\t\t\t\t\t\t<div class=\"elementor-element elementor-element-070e4c0 elementor-widget elementor-widget-image\" data-id=\"070e4c0\" data-element_type=\"widget\" data-widget_type=\"image.default\">\n\t\t\t\t<div class=\"elementor-widget-container\">\n\t\t\t<style>\/*! elementor - v3.20.0 - 13-03-2024 *\/\n.elementor-widget-image{text-align:center}.elementor-widget-image a{display:inline-block}.elementor-widget-image a img[src$=\".svg\"]{width:48px}.elementor-widget-image img{vertical-align:middle;display:inline-block}<\/style>\t\t\t\t\t\t\t\t\t\t<img decoding=\"async\" width=\"150\" height=\"150\" src=\"https:\/\/oulalabracelet.com\/wp-content\/uploads\/2023\/07\/oulala-bracelet-mascotte.png\" class=\"attachment-large size-large wp-image-1555\" alt=\"oulala bracelet mascotte\" srcset=\"https:\/\/oulalabracelet.com\/wp-content\/uploads\/2023\/07\/oulala-bracelet-mascotte.png 150w, https:\/\/oulalabracelet.com\/wp-content\/uploads\/2023\/07\/oulala-bracelet-mascotte-12x12.png 12w\" sizes=\"(max-width: 150px) 100vw, 150px\" \/>\t\t\t\t\t\t\t\t\t\t\t\t\t<\/div>\n\t\t\t\t<\/div>\n\t\t\t\t<div class=\"elementor-element elementor-element-b54a88c elementor-widget elementor-widget-heading\" data-id=\"b54a88c\" data-element_type=\"widget\" data-widget_type=\"heading.default\">\n\t\t\t\t<div class=\"elementor-widget-container\">\n\t\t\t<style>\/*! elementor - v3.20.0 - 13-03-2024 *\/\n.elementor-heading-title{padding:0;margin:0;line-height:1}.elementor-widget-heading .elementor-heading-title[class*=elementor-size-]>a{color:inherit;font-size:inherit;line-height:inherit}.elementor-widget-heading .elementor-heading-title.elementor-size-small{font-size:15px}.elementor-widget-heading .elementor-heading-title.elementor-size-medium{font-size:19px}.elementor-widget-heading .elementor-heading-title.elementor-size-large{font-size:29px}.elementor-widget-heading .elementor-heading-title.elementor-size-xl{font-size:39px}.elementor-widget-heading .elementor-heading-title.elementor-size-xxl{font-size:59px}<\/style><h2 class=\"elementor-heading-title elementor-size-default\">Devenez Partenaire Privil\u00e9gi\u00e9 Oulala Bracelet\u2122<\/h2>\t\t<\/div>\n\t\t\t\t<\/div>\n\t\t\t\t<div class=\"elementor-element elementor-element-6a8a5de elementor-widget elementor-widget-heading\" data-id=\"6a8a5de\" data-element_type=\"widget\" data-widget_type=\"heading.default\">\n\t\t\t\t<div class=\"elementor-widget-container\">\n\t\t\t<h2 class=\"elementor-heading-title elementor-size-default\">Le Sexy Chic Code Couleurs\u2122<br\/><br\/>\nLe langage d'amour universel haut en couleurs<br\/>\nLe bracelet unisexe coquin qui rapproche<\/h2>\t\t<\/div>\n\t\t\t\t<\/div>\n\t\t\t\t\t<\/div>\n\t\t<\/div>\n\t\t\t\t\t<\/div>\n\t\t<\/section>\n\t\t\t\t\t<\/div>\n\t\t<\/div>\n\t\t\t\t\t<\/div>\n\t\t<\/section>\n\t\t\t\t<section class=\"elementor-section elementor-top-section elementor-element elementor-element-4c70d4a elementor-section-boxed elementor-section-height-default elementor-section-height-default\" data-id=\"4c70d4a\" data-element_type=\"section\">\n\t\t\t\t\t\t<div class=\"elementor-container elementor-column-gap-default\">\n\t\t\t\t\t<div class=\"elementor-column elementor-col-50 elementor-top-column elementor-element elementor-element-647307d\" data-id=\"647307d\" data-element_type=\"column\">\n\t\t\t<div class=\"elementor-widget-wrap elementor-element-populated\">\n\t\t\t\t\t\t<div class=\"elementor-element elementor-element-9f9a496 elementor-widget elementor-widget-pls-heading\" data-id=\"9f9a496\" data-element_type=\"widget\" data-widget_type=\"pls-heading.default\">\n\t\t\t\t<div class=\"elementor-widget-container\">\n\t\t\t<div id=\"pls-header-64495\" class=\"pls-element pls-heading pls-text-center separator-none\">\t\n\t\t\t\n\t\t\t<div class=\"heading-wrap\">\n\t\t\t<span class=\"separator-left\"><\/span>\n\t\t\t<h2 class=\"heading-title\">Vous avez :<\/h2>\t\t\t<span class=\"separator-right\"><\/span>\n\t\t\t\t\t<\/div>\n\t\t\n    <\/div>\t\t<\/div>\n\t\t\t\t<\/div>\n\t\t\t\t<div class=\"elementor-element elementor-element-4e3e176 elementor-widget elementor-widget-pls-heading\" data-id=\"4e3e176\" data-element_type=\"widget\" data-widget_type=\"pls-heading.default\">\n\t\t\t\t<div class=\"elementor-widget-container\">\n\t\t\t<div id=\"pls-header-36036\" class=\"pls-element pls-heading pls-text-center separator-none\">\t\n\t\t\t\n\t\t\t<div class=\"heading-wrap\">\n\t\t\t<span class=\"separator-left\"><\/span>\n\t\t\t<h3 class=\"heading-title\">Une Boutique<\/h3>\t\t\t<span class=\"separator-right\"><\/span>\n\t\t\t\t\t<\/div>\n\t\t\n    \t\t<div class=\"heading-tagline\"> Mode, Concept-Store, Cadeaux, Loisirs, etc... <\/div>\n\t<\/div>\t\t<\/div>\n\t\t\t\t<\/div>\n\t\t\t\t<div class=\"elementor-element elementor-element-6082af6 elementor-widget elementor-widget-pls-heading\" data-id=\"6082af6\" data-element_type=\"widget\" data-widget_type=\"pls-heading.default\">\n\t\t\t\t<div class=\"elementor-widget-container\">\n\t\t\t<div id=\"pls-header-50835\" class=\"pls-element pls-heading pls-text-center separator-none\">\t\n\t\t\t\n\t\t\t<div class=\"heading-wrap\">\n\t\t\t<span class=\"separator-left\"><\/span>\n\t\t\t<h3 class=\"heading-title\">Un Commerce<\/h3>\t\t\t<span class=\"separator-right\"><\/span>\n\t\t\t\t\t<\/div>\n\t\t\n    \t\t<div class=\"heading-tagline\"> Tabac-Presse, Salon de Coiffure, Institut de Beaut\u00e9, etc... <\/div>\n\t<\/div>\t\t<\/div>\n\t\t\t\t<\/div>\n\t\t\t\t<div class=\"elementor-element elementor-element-591994e elementor-widget elementor-widget-text-editor\" data-id=\"591994e\" data-element_type=\"widget\" data-widget_type=\"text-editor.default\">\n\t\t\t\t<div class=\"elementor-widget-container\">\n\t\t\t<style>\/*! elementor - v3.20.0 - 13-03-2024 *\/\n.elementor-widget-text-editor.elementor-drop-cap-view-stacked .elementor-drop-cap{background-color:#69727d;color:#fff}.elementor-widget-text-editor.elementor-drop-cap-view-framed .elementor-drop-cap{color:#69727d;border:3px solid;background-color:transparent}.elementor-widget-text-editor:not(.elementor-drop-cap-view-default) .elementor-drop-cap{margin-top:8px}.elementor-widget-text-editor:not(.elementor-drop-cap-view-default) .elementor-drop-cap-letter{width:1em;height:1em}.elementor-widget-text-editor .elementor-drop-cap{float:left;text-align:center;line-height:1;font-size:50px}.elementor-widget-text-editor .elementor-drop-cap-letter{display:inline-block}<\/style>\t\t\t\t<p>Vous \u00eates dans la tendance,<br> entrez dans l&#8217;aventure du Sexy Chic Code Couleurs et permettez \u00e0 vos clients d&#8217;imaginer pouvoir exprimer subtilement et \u00e9l\u00e9gamment leur style de vie, leurs envies et leurs&#8230; d\u00e9sirs !<\/p>\t\t\t\t\t\t<\/div>\n\t\t\t\t<\/div>\n\t\t\t\t<section class=\"elementor-section elementor-inner-section elementor-element elementor-element-d28afc0 elementor-section-boxed elementor-section-height-default elementor-section-height-default\" data-id=\"d28afc0\" data-element_type=\"section\">\n\t\t\t\t\t\t<div class=\"elementor-container elementor-column-gap-no\">\n\t\t\t\t\t<div class=\"elementor-column elementor-col-50 elementor-inner-column elementor-element elementor-element-aa9b165\" data-id=\"aa9b165\" data-element_type=\"column\">\n\t\t\t<div class=\"elementor-widget-wrap elementor-element-populated\">\n\t\t\t\t\t\t<div class=\"elementor-element elementor-element-6c9c4c2 elementor-align-center elementor-widget elementor-widget-button\" data-id=\"6c9c4c2\" data-element_type=\"widget\" data-widget_type=\"button.default\">\n\t\t\t\t<div class=\"elementor-widget-container\">\n\t\t\t\t\t<div class=\"elementor-button-wrapper\">\n\t\t\t<a class=\"elementor-button elementor-button-link elementor-size-lg\" href=\"https:\/\/oulalabracelet.com\/fr\/inscription-espace-pro\/\">\n\t\t\t\t\t\t<span class=\"elementor-button-content-wrapper\">\n\t\t\t\t\t\t<span class=\"elementor-button-text\">Devenir Membre Pro<\/span>\n\t\t<\/span>\n\t\t\t\t\t<\/a>\n\t\t<\/div>\n\t\t\t\t<\/div>\n\t\t\t\t<\/div>\n\t\t\t\t\t<\/div>\n\t\t<\/div>\n\t\t\t\t<div class=\"elementor-column elementor-col-50 elementor-inner-column elementor-element elementor-element-c8125e1\" data-id=\"c8125e1\" data-element_type=\"column\">\n\t\t\t<div class=\"elementor-widget-wrap elementor-element-populated\">\n\t\t\t\t\t\t<div class=\"elementor-element elementor-element-f06466a elementor-align-center elementor-widget elementor-widget-button\" data-id=\"f06466a\" data-element_type=\"widget\" data-widget_type=\"button.default\">\n\t\t\t\t<div class=\"elementor-widget-container\">\n\t\t\t\t\t<div class=\"elementor-button-wrapper\">\n\t\t\t<a class=\"elementor-button elementor-button-link elementor-size-lg\" href=\"https:\/\/oulalabracelet.com\/fr\/connexion-espace-pro\/\">\n\t\t\t\t\t\t<span class=\"elementor-button-content-wrapper\">\n\t\t\t\t\t\t<span class=\"elementor-button-text\">Connexion Espace Pro<\/span>\n\t\t<\/span>\n\t\t\t\t\t<\/a>\n\t\t<\/div>\n\t\t\t\t<\/div>\n\t\t\t\t<\/div>\n\t\t\t\t\t<\/div>\n\t\t<\/div>\n\t\t\t\t\t<\/div>\n\t\t<\/section>\n\t\t\t\t\t<\/div>\n\t\t<\/div>\n\t\t\t\t<div class=\"elementor-column elementor-col-50 elementor-top-column elementor-element elementor-element-a7a08ff\" data-id=\"a7a08ff\" data-element_type=\"column\">\n\t\t\t<div class=\"elementor-widget-wrap elementor-element-populated\">\n\t\t\t\t\t\t<div class=\"elementor-element elementor-element-51c6d1e elementor-widget elementor-widget-image\" data-id=\"51c6d1e\" data-element_type=\"widget\" data-widget_type=\"image.default\">\n\t\t\t\t<div class=\"elementor-widget-container\">\n\t\t\t\t\t\t\t\t\t\t\t\t\t<img fetchpriority=\"high\" decoding=\"async\" width=\"800\" height=\"600\" src=\"https:\/\/oulalabracelet.com\/wp-content\/uploads\/2023\/10\/revendeur-oulala-bracelet-1.jpg\" class=\"attachment-full size-full wp-image-1622\" alt=\"revendeur oulala bracelet\" srcset=\"https:\/\/oulalabracelet.com\/wp-content\/uploads\/2023\/10\/revendeur-oulala-bracelet-1.jpg 800w, https:\/\/oulalabracelet.com\/wp-content\/uploads\/2023\/10\/revendeur-oulala-bracelet-1-480x360.jpg 480w, https:\/\/oulalabracelet.com\/wp-content\/uploads\/2023\/10\/revendeur-oulala-bracelet-1-768x576.jpg 768w, https:\/\/oulalabracelet.com\/wp-content\/uploads\/2023\/10\/revendeur-oulala-bracelet-1-16x12.jpg 16w\" sizes=\"(max-width: 800px) 100vw, 800px\" \/>\t\t\t\t\t\t\t\t\t\t\t\t\t<\/div>\n\t\t\t\t<\/div>\n\t\t\t\t\t<\/div>\n\t\t<\/div>\n\t\t\t\t\t<\/div>\n\t\t<\/section>\n\t\t\t\t<section class=\"elementor-section elementor-top-section elementor-element elementor-element-d04ccbe elementor-section-boxed elementor-section-height-default elementor-section-height-default\" data-id=\"d04ccbe\" data-element_type=\"section\">\n\t\t\t\t\t\t<div class=\"elementor-container elementor-column-gap-default\">\n\t\t\t\t\t<div class=\"elementor-column elementor-col-100 elementor-top-column elementor-element elementor-element-fb305d8\" data-id=\"fb305d8\" data-element_type=\"column\">\n\t\t\t<div class=\"elementor-widget-wrap elementor-element-populated\">\n\t\t\t\t\t\t<div class=\"elementor-element elementor-element-4df4a50 elementor-widget elementor-widget-image\" data-id=\"4df4a50\" data-element_type=\"widget\" data-widget_type=\"image.default\">\n\t\t\t\t<div class=\"elementor-widget-container\">\n\t\t\t\t\t\t\t\t\t\t\t\t\t<img decoding=\"async\" width=\"250\" height=\"323\" src=\"https:\/\/oulalabracelet.com\/wp-content\/uploads\/2023\/10\/box-event-oulala-bracelet.png\" class=\"attachment-large size-large wp-image-1627\" alt=\"box-event-oulala-bracelet\" srcset=\"https:\/\/oulalabracelet.com\/wp-content\/uploads\/2023\/10\/box-event-oulala-bracelet.png 250w, https:\/\/oulalabracelet.com\/wp-content\/uploads\/2023\/10\/box-event-oulala-bracelet-9x12.png 9w\" sizes=\"(max-width: 250px) 100vw, 250px\" \/>\t\t\t\t\t\t\t\t\t\t\t\t\t<\/div>\n\t\t\t\t<\/div>\n\t\t\t\t\t<\/div>\n\t\t<\/div>\n\t\t\t\t\t<\/div>\n\t\t<\/section>\n\t\t\t\t<section class=\"elementor-section elementor-top-section elementor-element elementor-element-b09c3cb elementor-section-boxed elementor-section-height-default elementor-section-height-default\" data-id=\"b09c3cb\" data-element_type=\"section\">\n\t\t\t\t\t\t<div class=\"elementor-container elementor-column-gap-default\">\n\t\t\t\t\t<div class=\"elementor-column elementor-col-50 elementor-top-column elementor-element elementor-element-c07dd15\" data-id=\"c07dd15\" data-element_type=\"column\">\n\t\t\t<div class=\"elementor-widget-wrap elementor-element-populated\">\n\t\t\t\t\t\t<div class=\"elementor-element elementor-element-d4f7e31 elementor-widget elementor-widget-image\" data-id=\"d4f7e31\" data-element_type=\"widget\" data-widget_type=\"image.default\">\n\t\t\t\t<div class=\"elementor-widget-container\">\n\t\t\t\t\t\t\t\t\t\t\t\t\t<img loading=\"lazy\" decoding=\"async\" width=\"768\" height=\"576\" src=\"https:\/\/oulalabracelet.com\/wp-content\/uploads\/2023\/10\/devenir-revendeur-oulala-bracelet-event-768x576.jpg\" class=\"attachment-large size-large wp-image-1626\" alt=\"devenir revendeur oulala bracelet event\" srcset=\"https:\/\/oulalabracelet.com\/wp-content\/uploads\/2023\/10\/devenir-revendeur-oulala-bracelet-event-768x576.jpg 768w, https:\/\/oulalabracelet.com\/wp-content\/uploads\/2023\/10\/devenir-revendeur-oulala-bracelet-event-480x360.jpg 480w, https:\/\/oulalabracelet.com\/wp-content\/uploads\/2023\/10\/devenir-revendeur-oulala-bracelet-event-16x12.jpg 16w, https:\/\/oulalabracelet.com\/wp-content\/uploads\/2023\/10\/devenir-revendeur-oulala-bracelet-event.jpg 800w\" sizes=\"(max-width: 768px) 100vw, 768px\" \/>\t\t\t\t\t\t\t\t\t\t\t\t\t<\/div>\n\t\t\t\t<\/div>\n\t\t\t\t\t<\/div>\n\t\t<\/div>\n\t\t\t\t<div class=\"elementor-column elementor-col-50 elementor-top-column elementor-element elementor-element-1723eeb\" data-id=\"1723eeb\" data-element_type=\"column\">\n\t\t\t<div class=\"elementor-widget-wrap elementor-element-populated\">\n\t\t\t\t\t\t<div class=\"elementor-element elementor-element-8a9127b elementor-widget elementor-widget-pls-heading\" data-id=\"8a9127b\" data-element_type=\"widget\" data-widget_type=\"pls-heading.default\">\n\t\t\t\t<div class=\"elementor-widget-container\">\n\t\t\t<div id=\"pls-header-23114\" class=\"pls-element pls-heading pls-text-center separator-none\">\t\n\t\t\t\n\t\t\t<div class=\"heading-wrap\">\n\t\t\t<span class=\"separator-left\"><\/span>\n\t\t\t<h2 class=\"heading-title\">Vous \u00eates :<\/h2>\t\t\t<span class=\"separator-right\"><\/span>\n\t\t\t\t\t<\/div>\n\t\t\n    <\/div>\t\t<\/div>\n\t\t\t\t<\/div>\n\t\t\t\t<div class=\"elementor-element elementor-element-a298672 elementor-widget elementor-widget-pls-heading\" data-id=\"a298672\" data-element_type=\"widget\" data-widget_type=\"pls-heading.default\">\n\t\t\t\t<div class=\"elementor-widget-container\">\n\t\t\t<div id=\"pls-header-35060\" class=\"pls-element pls-heading pls-text-center separator-none\">\t\n\t\t\t\n\t\t\t<div class=\"heading-wrap\">\n\t\t\t<span class=\"separator-left\"><\/span>\n\t\t\t<h3 class=\"heading-title\">Organisateur d'\u00e9v\u00e9nements<\/h3>\t\t\t<span class=\"separator-right\"><\/span>\n\t\t\t\t\t<\/div>\n\t\t\n    \t\t<div class=\"heading-tagline\"> Concerts, Festivals, Soir\u00e9es \u00e0 th\u00e8me, etc... <\/div>\n\t<\/div>\t\t<\/div>\n\t\t\t\t<\/div>\n\t\t\t\t<div class=\"elementor-element elementor-element-a8b644e elementor-widget elementor-widget-pls-heading\" data-id=\"a8b644e\" data-element_type=\"widget\" data-widget_type=\"pls-heading.default\">\n\t\t\t\t<div class=\"elementor-widget-container\">\n\t\t\t<div id=\"pls-header-80282\" class=\"pls-element pls-heading pls-text-center separator-none\">\t\n\t\t\t\n\t\t\t<div class=\"heading-wrap\">\n\t\t\t<span class=\"separator-left\"><\/span>\n\t\t\t<h3 class=\"heading-title\">Wedding Planner, G\u00e9rant de Discoth\u00e8que, de Bar, de Club, Restaurateur<\/h3>\t\t\t<span class=\"separator-right\"><\/span>\n\t\t\t\t\t<\/div>\n\t\t\n    <\/div>\t\t<\/div>\n\t\t\t\t<\/div>\n\t\t\t\t<div class=\"elementor-element elementor-element-8e26c29 elementor-widget elementor-widget-text-editor\" data-id=\"8e26c29\" data-element_type=\"widget\" data-widget_type=\"text-editor.default\">\n\t\t\t\t<div class=\"elementor-widget-container\">\n\t\t\t\t\t\t\t<p><span id=\"page4R_mcid19\" class=\"markedContent\"><span dir=\"ltr\" role=\"presentation\">A vendre ou \u00e0 offrir,<\/span><\/span><span id=\"page4R_mcid20\" class=\"markedContent\"> <span dir=\"ltr\" role=\"presentation\">avec le bracelet Oulala vous proposerez lors <\/span><\/span><span id=\"page4R_mcid21\" class=\"markedContent\"><span dir=\"ltr\" role=\"presentation\">de vos \u00e9v\u00e8nements une aventure riche en partage o\u00f9 l&#8217;amour se <\/span><\/span><span id=\"page4R_mcid22\" class=\"markedContent\"><span dir=\"ltr\" role=\"presentation\">charge d&#8217;\u00e9motions avec humour !<\/span><\/span><\/p>\t\t\t\t\t\t<\/div>\n\t\t\t\t<\/div>\n\t\t\t\t<section class=\"elementor-section elementor-inner-section elementor-element elementor-element-73191d2 elementor-section-boxed elementor-section-height-default elementor-section-height-default\" data-id=\"73191d2\" data-element_type=\"section\">\n\t\t\t\t\t\t<div class=\"elementor-container elementor-column-gap-no\">\n\t\t\t\t\t<div class=\"elementor-column elementor-col-50 elementor-inner-column elementor-element elementor-element-613eb66\" data-id=\"613eb66\" data-element_type=\"column\">\n\t\t\t<div class=\"elementor-widget-wrap elementor-element-populated\">\n\t\t\t\t\t\t<div class=\"elementor-element elementor-element-059ae27 elementor-align-center elementor-widget elementor-widget-button\" data-id=\"059ae27\" data-element_type=\"widget\" data-widget_type=\"button.default\">\n\t\t\t\t<div class=\"elementor-widget-container\">\n\t\t\t\t\t<div class=\"elementor-button-wrapper\">\n\t\t\t<a class=\"elementor-button elementor-button-link elementor-size-lg\" href=\"https:\/\/oulalabracelet.com\/fr\/inscription-espace-pro\/\">\n\t\t\t\t\t\t<span class=\"elementor-button-content-wrapper\">\n\t\t\t\t\t\t<span class=\"elementor-button-text\">Devenir Membre Pro<\/span>\n\t\t<\/span>\n\t\t\t\t\t<\/a>\n\t\t<\/div>\n\t\t\t\t<\/div>\n\t\t\t\t<\/div>\n\t\t\t\t\t<\/div>\n\t\t<\/div>\n\t\t\t\t<div class=\"elementor-column elementor-col-50 elementor-inner-column elementor-element elementor-element-6f9a14e\" data-id=\"6f9a14e\" data-element_type=\"column\">\n\t\t\t<div class=\"elementor-widget-wrap elementor-element-populated\">\n\t\t\t\t\t\t<div class=\"elementor-element elementor-element-c2a631d elementor-align-center elementor-widget elementor-widget-button\" data-id=\"c2a631d\" data-element_type=\"widget\" data-widget_type=\"button.default\">\n\t\t\t\t<div class=\"elementor-widget-container\">\n\t\t\t\t\t<div class=\"elementor-button-wrapper\">\n\t\t\t<a class=\"elementor-button elementor-button-link elementor-size-lg\" href=\"https:\/\/oulalabracelet.com\/fr\/connexion-espace-pro\/\">\n\t\t\t\t\t\t<span class=\"elementor-button-content-wrapper\">\n\t\t\t\t\t\t<span class=\"elementor-button-text\">Connexion Espace Pro<\/span>\n\t\t<\/span>\n\t\t\t\t\t<\/a>\n\t\t<\/div>\n\t\t\t\t<\/div>\n\t\t\t\t<\/div>\n\t\t\t\t\t<\/div>\n\t\t<\/div>\n\t\t\t\t\t<\/div>\n\t\t<\/section>\n\t\t\t\t\t<\/div>\n\t\t<\/div>\n\t\t\t\t\t<\/div>\n\t\t<\/section>\n\t\t\t\t<section class=\"elementor-section elementor-top-section elementor-element elementor-element-a2e5233 elementor-section-boxed elementor-section-height-default elementor-section-height-default\" data-id=\"a2e5233\" data-element_type=\"section\">\n\t\t\t\t\t\t<div class=\"elementor-container elementor-column-gap-default\">\n\t\t\t\t\t<div class=\"elementor-column elementor-col-100 elementor-top-column elementor-element elementor-element-4a649b7\" data-id=\"4a649b7\" data-element_type=\"column\">\n\t\t\t<div class=\"elementor-widget-wrap elementor-element-populated\">\n\t\t\t\t\t\t<div class=\"elementor-element elementor-element-659d114 elementor-widget elementor-widget-heading\" data-id=\"659d114\" data-element_type=\"widget\" data-widget_type=\"heading.default\">\n\t\t\t\t<div class=\"elementor-widget-container\">\n\t\t\t<h3 class=\"elementor-heading-title elementor-size-default\">Avec la <b>Box Pro<\/b> d\u00e9marquez votre originalit\u00e9<\/h3>\t\t<\/div>\n\t\t\t\t<\/div>\n\t\t\t\t<div class=\"elementor-element elementor-element-085c443 elementor-widget elementor-widget-heading\" data-id=\"085c443\" data-element_type=\"widget\" data-widget_type=\"heading.default\">\n\t\t\t\t<div class=\"elementor-widget-container\">\n\t\t\t<h3 class=\"elementor-heading-title elementor-size-default\">Oulala Bracelet, le Sexy Chic Code Couleurs\u2122<\/h3>\t\t<\/div>\n\t\t\t\t<\/div>\n\t\t\t\t<div class=\"elementor-element elementor-element-c9552b4 elementor-widget elementor-widget-image\" data-id=\"c9552b4\" data-element_type=\"widget\" data-widget_type=\"image.default\">\n\t\t\t\t<div class=\"elementor-widget-container\">\n\t\t\t\t\t\t\t\t\t\t\t\t\t<img loading=\"lazy\" decoding=\"async\" width=\"250\" height=\"160\" src=\"https:\/\/oulalabracelet.com\/wp-content\/uploads\/2023\/09\/fabrique-en-france-2.jpg\" class=\"attachment-large size-large wp-image-1524\" alt=\"fabrique\u0301-en-france\" srcset=\"https:\/\/oulalabracelet.com\/wp-content\/uploads\/2023\/09\/fabrique-en-france-2.jpg 250w, https:\/\/oulalabracelet.com\/wp-content\/uploads\/2023\/09\/fabrique-en-france-2-18x12.jpg 18w\" sizes=\"(max-width: 250px) 100vw, 250px\" \/>\t\t\t\t\t\t\t\t\t\t\t\t\t<\/div>\n\t\t\t\t<\/div>\n\t\t\t\t\t<\/div>\n\t\t<\/div>\n\t\t\t\t\t<\/div>\n\t\t<\/section>\n\t\t\t\t<\/div>\n\t\t","protected":false},"excerpt":{"rendered":"<p>Devenez Partenaire Privil\u00e9gi\u00e9 Oulala Bracelet\u2122 Le Sexy Chic Code Couleurs\u2122 Le langage d&#8217;amour universel haut en couleurs Le bracelet unisexe coquin qui rapproche Vous avez : Une Boutique Mode, Concept-Store,<\/p>\n","protected":false},"author":1,"featured_media":0,"parent":0,"menu_order":0,"comment_status":"closed","ping_status":"closed","template":"","meta":{"_monsterinsights_skip_tracking":false,"_monsterinsights_sitenote_active":false,"_monsterinsights_sitenote_note":"","_monsterinsights_sitenote_category":0,"footnotes":""},"class_list":["post-1574","page","type-page","status-publish","hentry"],"aioseo_notices":[],"_links":{"self":[{"href":"https:\/\/oulalabracelet.com\/fr\/wp-json\/wp\/v2\/pages\/1574","targetHints":{"allow":["GET"]}}],"collection":[{"href":"https:\/\/oulalabracelet.com\/fr\/wp-json\/wp\/v2\/pages"}],"about":[{"href":"https:\/\/oulalabracelet.com\/fr\/wp-json\/wp\/v2\/types\/page"}],"author":[{"embeddable":true,"href":"https:\/\/oulalabracelet.com\/fr\/wp-json\/wp\/v2\/users\/1"}],"replies":[{"embeddable":true,"href":"https:\/\/oulalabracelet.com\/fr\/wp-json\/wp\/v2\/comments?post=1574"}],"version-history":[{"count":27,"href":"https:\/\/oulalabracelet.com\/fr\/wp-json\/wp\/v2\/pages\/1574\/revisions"}],"predecessor-version":[{"id":1754,"href":"https:\/\/oulalabracelet.com\/fr\/wp-json\/wp\/v2\/pages\/1574\/revisions\/1754"}],"wp:attachment":[{"href":"https:\/\/oulalabracelet.com\/fr\/wp-json\/wp\/v2\/media?parent=1574"}],"curies":[{"name":"wp","href":"https:\/\/api.w.org\/{rel}","templated":true}]}}